{"id":1081,"date":"2015-08-03T20:42:13","date_gmt":"2015-08-03T18:42:13","guid":{"rendered":"https:\/\/hasici.visnove.cz\/?page_id=1081"},"modified":"2015-08-03T21:07:36","modified_gmt":"2015-08-03T19:07:36","slug":"jsdh-visnove","status":"publish","type":"page","link":"https:\/\/hasici.visnove.cz\/?page_id=1081","title":{"rendered":"JSDH Vi\u0161\u0148ov\u00e9"},"content":{"rendered":"<p>Z\u00e1sahov\u00e1 jednotka m\u00e1 15 \u010dlen\u016f : 1 velitel jednotky 2 velitele dru\u017estva 4 strojn\u00edky 2 techniky 6 pila\u0159\u016f 11 nositel\u016f d\u00fdchac\u00ed techniky Jednotka disponuje CAS 25 Liaz K 101 obsah n\u00e1dr\u017ee na vodu 3 600l a na p\u011bnidlo 60 l. Dopravn\u00edm automobilem Ford Transit&#8230;..<\/p>\n","protected":false},"excerpt":{"rendered":"<p>Z\u00e1sahov\u00e1 jednotka m\u00e1 15 \u010dlen\u016f : 1 velitel jednotky 2 velitele dru\u017estva 4 strojn\u00edky 2 techniky 6 pila\u0159\u016f 11 nositel\u016f<\/p>\n","protected":false},"author":1,"featured_media":0,"parent":0,"menu_order":0,"comment_status":"closed","ping_status":"closed","template":"","meta":[],"_links":{"self":[{"href":"https:\/\/hasici.visnove.cz\/index.php?rest_route=\/wp\/v2\/pages\/1081"}],"collection":[{"href":"https:\/\/hasici.visnove.cz\/index.php?rest_route=\/wp\/v2\/pages"}],"about":[{"href":"https:\/\/hasici.visnove.cz\/index.php?rest_route=\/wp\/v2\/types\/page"}],"author":[{"embeddable":true,"href":"https:\/\/hasici.visnove.cz\/index.php?rest_route=\/wp\/v2\/users\/1"}],"replies":[{"embeddable":true,"href":"https:\/\/hasici.visnove.cz\/index.php?rest_route=%2Fwp%2Fv2%2Fcomments&post=1081"}],"version-history":[{"count":2,"href":"https:\/\/hasici.visnove.cz\/index.php?rest_route=\/wp\/v2\/pages\/1081\/revisions"}],"predecessor-version":[{"id":1100,"href":"https:\/\/hasici.visnove.cz\/index.php?rest_route=\/wp\/v2\/pages\/1081\/revisions\/1100"}],"wp:attachment":[{"href":"https:\/\/hasici.visnove.cz\/index.php?rest_route=%2Fwp%2Fv2%2Fmedia&parent=1081"}],"curies":[{"name":"wp","href":"https:\/\/api.w.org\/{rel}","templated":true}]}}