{"id":1083,"date":"2015-08-03T20:43:37","date_gmt":"2015-08-03T18:43:37","guid":{"rendered":"https:\/\/hasici.visnove.cz\/?page_id=1083"},"modified":"2017-04-28T08:53:16","modified_gmt":"2017-04-28T06:53:16","slug":"clenove-jsdh-visnove","status":"publish","type":"page","link":"https:\/\/hasici.visnove.cz\/?page_id=1083","title":{"rendered":"\u010clenov\u00e9 JSDH Vi\u0161\u0148ov\u00e9"},"content":{"rendered":"<table id=\"Osoby_Table\" class=\"ui-jqgrid-btable\" border=\"0\" cellspacing=\"0\" cellpadding=\"0\">\n<tbody>\n<tr class=\"jqgfirstrow\">\n<td>&nbsp;<\/td>\n<td>&nbsp;<\/td>\n<td>&nbsp;<\/td>\n<td>&nbsp;<\/td>\n<td>&nbsp;<\/td>\n<td>&nbsp;<\/td>\n<\/tr>\n<tr id=\"18807\" class=\"ui-widget-content jqgrow ui-row-ltr\">\n<td title=\"1\">1<\/td>\n<td title=\"\"><a href=\"https:\/\/hasici.visnove.cz\/wp-content\/uploads\/2015\/08\/DSC_5193.jpg\"><img loading=\"lazy\" class=\"aligncenter wp-image-1114\" src=\"https:\/\/hasici.visnove.cz\/wp-content\/uploads\/2015\/08\/DSC_5193-150x150.jpg\" alt=\"DSC_5193\" width=\"100\" height=\"100\" srcset=\"https:\/\/hasici.visnove.cz\/wp-content\/uploads\/2015\/08\/DSC_5193-150x150.jpg 150w, https:\/\/hasici.visnove.cz\/wp-content\/uploads\/2015\/08\/DSC_5193.jpg 207w\" sizes=\"(max-width: 100px) 100vw, 100px\" \/><\/a><\/td>\n<td title=\"Br\u00e1zda Radek\">Br\u00e1zda Radek<\/td>\n<td title=\"15.8.1977\">&nbsp;<\/td>\n<td title=\"Velitel jednotky\">Velitel jednotky<\/td>\n<td title=\"Znojmo, Vi\u0161\u0148ov\u00e9, Vi\u0161\u0148ov\u00e9 \u010d.p. 174\">&nbsp;<\/td>\n<\/tr>\n<tr id=\"18792\" class=\"ui-widget-content jqgrow ui-row-ltr\">\n<td title=\"2\">2<\/td>\n<td title=\"\"><img loading=\"lazy\" class=\"aligncenter wp-image-1121\" src=\"https:\/\/hasici.visnove.cz\/wp-content\/uploads\/2015\/08\/pavel-havelka-150x150.jpg\" alt=\"pavel havelka\" width=\"100\" height=\"102\"><\/td>\n<td title=\"Havelka Pavel\">Havelka Pavel<\/td>\n<td title=\"11.12.1978\">&nbsp;<\/td>\n<td title=\"Velitel dru\u017estva\">Velitel dru\u017estva<\/td>\n<td title=\"Znojmo, Vi\u0161\u0148ov\u00e9, Vi\u0161\u0148ov\u00e9 \u010d.p. 205\">&nbsp;<\/td>\n<\/tr>\n<tr id=\"18801\" class=\"ui-widget-content jqgrow ui-row-ltr\">\n<td title=\"3\">3<\/td>\n<td title=\"\"><img loading=\"lazy\" class=\"aligncenter wp-image-1109\" src=\"https:\/\/hasici.visnove.cz\/wp-content\/uploads\/2015\/08\/josef-snabl-150x150.jpg\" alt=\"OLYMPUS DIGITAL CAMERA\" width=\"100\" height=\"103\" srcset=\"https:\/\/hasici.visnove.cz\/wp-content\/uploads\/2015\/08\/josef-snabl-291x300.jpg 291w, https:\/\/hasici.visnove.cz\/wp-content\/uploads\/2015\/08\/josef-snabl.jpg 344w\" sizes=\"(max-width: 100px) 100vw, 100px\" \/><\/td>\n<td title=\"\u0160n\u00e1bl Josef\">\u0160n\u00e1bl Josef<\/td>\n<td title=\"25.5.1961\">&nbsp;<\/td>\n<td title=\"Strojn\u00edk\">Strojn\u00edk<\/td>\n<td title=\"Znojmo, Vi\u0161\u0148ov\u00e9, Vi\u0161\u0148ov\u00e9 \u010d.p. 106\">&nbsp;<\/td>\n<\/tr>\n<tr id=\"18798\" class=\"ui-widget-content jqgrow ui-row-ltr\">\n<td title=\"4\">4<\/td>\n<td title=\"\"><img loading=\"lazy\" class=\"aligncenter wp-image-1119\" src=\"https:\/\/hasici.visnove.cz\/wp-content\/uploads\/2015\/08\/\u0161n\u00e1bl-josef-ml.-141x150.jpg\" alt=\"\u0161n\u00e1bl josef ml.\" width=\"100\" height=\"106\"><\/td>\n<td title=\"\u0160n\u00e1bl ml. Josef\">\u0160n\u00e1bl ml. Josef<\/td>\n<td title=\"26.12.1983\">&nbsp;<\/td>\n<td title=\"Velitel dru\u017estva\">Velitel dru\u017estva<\/td>\n<td title=\"Znojmo, Vi\u0161\u0148ov\u00e9, Vi\u0161\u0148ov\u00e9 \u010d.p. 106\">&nbsp;<\/td>\n<\/tr>\n<tr id=\"18794\" class=\"ui-widget-content jqgrow ui-row-ltr\">\n<td title=\"5\">5<\/td>\n<td title=\"\"><img loading=\"lazy\" class=\"aligncenter wp-image-1111\" src=\"https:\/\/hasici.visnove.cz\/wp-content\/uploads\/2015\/08\/drochytka-jaroslav.jpg\" alt=\"drochytka jaroslav\" width=\"100\" height=\"111\"><\/td>\n<td title=\"Drochytka Jaroslav\">Drochytka Jaroslav<\/td>\n<td title=\"6.9.1968\">&nbsp;<\/td>\n<td title=\"Strojn\u00edk\">Strojn\u00edk<\/td>\n<td title=\"Znojmo, Vi\u0161\u0148ov\u00e9, Vi\u0161\u0148ov\u00e9 \u010d.p. 49\">&nbsp;<\/td>\n<\/tr>\n<tr id=\"18795\" class=\"ui-widget-content jqgrow ui-row-ltr\">\n<td title=\"6\">6<\/td>\n<td title=\"\"><img loading=\"lazy\" class=\"aligncenter wp-image-1123\" src=\"https:\/\/hasici.visnove.cz\/wp-content\/uploads\/2015\/08\/petr-b\u0159ezina-150x150.jpg\" alt=\"petr b\u0159ezina\" width=\"100\" height=\"105\" srcset=\"https:\/\/hasici.visnove.cz\/wp-content\/uploads\/2015\/08\/petr-b\u0159ezina-286x300.jpg 286w, https:\/\/hasici.visnove.cz\/wp-content\/uploads\/2015\/08\/petr-b\u0159ezina.jpg 400w\" sizes=\"(max-width: 100px) 100vw, 100px\" \/><\/td>\n<td title=\"B\u0159ezina Petr\">B\u0159ezina Petr<\/td>\n<td title=\"31.1.1967\">&nbsp;<\/td>\n<td title=\"Strojn\u00edk\">Strojn\u00edk<\/td>\n<td title=\"Znojmo, Vi\u0161\u0148ov\u00e9, Vi\u0161\u0148ov\u00e9 \u010d.p. 142\">&nbsp;<\/td>\n<\/tr>\n<tr id=\"18796\" class=\"ui-widget-content jqgrow ui-row-ltr\">\n<td title=\"7\">7<\/td>\n<td title=\"\"><img loading=\"lazy\" class=\"aligncenter wp-image-1125\" src=\"https:\/\/hasici.visnove.cz\/wp-content\/uploads\/2015\/08\/jakub-indra-150x150.jpg\" alt=\"jakub indra\" width=\"100\" height=\"97\" srcset=\"https:\/\/hasici.visnove.cz\/wp-content\/uploads\/2015\/08\/jakub-indra-300x290.jpg 300w, https:\/\/hasici.visnove.cz\/wp-content\/uploads\/2015\/08\/jakub-indra.jpg 377w\" sizes=\"(max-width: 100px) 100vw, 100px\" \/><\/td>\n<td title=\"Indra Jakub Dis.\">Indra Jakub Dis.<\/td>\n<td title=\"15.8.1981\">&nbsp;<\/td>\n<td title=\"Hasi\u010d\">Hasi\u010d<\/td>\n<td title=\"Znojmo, Vi\u0161\u0148ov\u00e9, Vi\u0161\u0148ov\u00e9 \u010d.p. 238\">&nbsp;<\/td>\n<\/tr>\n<tr id=\"18800\" class=\"ui-widget-content jqgrow ui-row-ltr\">\n<td title=\"8\">8<\/td>\n<td title=\"\"><img loading=\"lazy\" class=\"aligncenter wp-image-1117\" src=\"https:\/\/hasici.visnove.cz\/wp-content\/uploads\/2015\/08\/PA214483-146x150.jpg\" alt=\"PA214483\" width=\"100\" height=\"108\"><\/td>\n<td title=\"\u0160n\u00e1bl Petr\">\u0160n\u00e1bl Petr<\/td>\n<td title=\"30.1.1985\">&nbsp;<\/td>\n<td title=\"Hasi\u010d\">Hasi\u010d<\/td>\n<td title=\"Znojmo, Vi\u0161\u0148ov\u00e9, Vi\u0161\u0148ov\u00e9 \u010d.p. 106\">&nbsp;<\/td>\n<\/tr>\n<tr id=\"19715\" class=\"ui-widget-content jqgrow ui-row-ltr\">\n<td title=\"9\">9<\/td>\n<td title=\"\"><img title=\"Prov\u00e1z\u00e1no s krajem\" src=\"http:\/\/www.hzscz.eu\/Content\/Images\/Icons\/Web_refresh.png\" alt=\"\" width=\"16\"><\/td>\n<td title=\"Nov\u00e1k Marek\">Nov\u00e1k Marek<\/td>\n<td title=\"10.6.1975\">&nbsp;<\/td>\n<td title=\"Hasi\u010d\">Hasi\u010d<\/td>\n<td title=\"Znojmo, Vi\u0161\u0148ov\u00e9, Vi\u0161\u0148ov\u00e9 \u010d.p. 58\">&nbsp;<\/td>\n<\/tr>\n<tr id=\"18804\" class=\"ui-widget-content jqgrow ui-row-ltr\">\n<td title=\"10\">10<\/td>\n<td title=\"\"><img loading=\"lazy\" class=\"aligncenter size-full wp-image-1127\" src=\"https:\/\/hasici.visnove.cz\/wp-content\/uploads\/2015\/08\/ad\u00e1mek-josef.jpg\" alt=\"ad\u00e1mek josef\" width=\"97\" height=\"106\"><\/td>\n<td title=\"Ad\u00e1mek Josef\">Ad\u00e1mek Josef<\/td>\n<td title=\"13.3.1977\">&nbsp;<\/td>\n<td title=\"Hasi\u010d\">Hasi\u010d<\/td>\n<td title=\"Znojmo, Vi\u0161\u0148ov\u00e9, Vi\u0161\u0148ov\u00e9 \u010d.p. 365\">&nbsp;<\/td>\n<\/tr>\n<tr id=\"18802\" class=\"ui-widget-content jqgrow ui-row-ltr\">\n<td title=\"11\">11<\/td>\n<td title=\"\"><img loading=\"lazy\" class=\"aligncenter wp-image-1129\" src=\"https:\/\/hasici.visnove.cz\/wp-content\/uploads\/2015\/08\/ad\u00e1mek-karel.jpg\" alt=\"ad\u00e1mek karel\" width=\"100\" height=\"95\"><\/td>\n<td title=\"Ad\u00e1mek Karel\">Ad\u00e1mek Karel<\/td>\n<td title=\"7.1.1968\">&nbsp;<\/td>\n<td title=\"Hasi\u010d\">Hasi\u010d<\/td>\n<td title=\"Znojmo, Vi\u0161\u0148ov\u00e9, Vi\u0161\u0148ov\u00e9 \u010d.p. 351\">&nbsp;<\/td>\n<\/tr>\n<tr id=\"18793\" class=\"ui-widget-content jqgrow ui-row-ltr\">\n<td title=\"12\">12<\/td>\n<td title=\"\"><img loading=\"lazy\" class=\"aligncenter wp-image-1133\" src=\"https:\/\/hasici.visnove.cz\/wp-content\/uploads\/2015\/08\/vyhnalek-vojta-150x150.jpg\" alt=\"vyhnalek vojta\" width=\"100\" height=\"106\" srcset=\"https:\/\/hasici.visnove.cz\/wp-content\/uploads\/2015\/08\/vyhnalek-vojta-283x300.jpg 283w, https:\/\/hasici.visnove.cz\/wp-content\/uploads\/2015\/08\/vyhnalek-vojta.jpg 391w\" sizes=\"(max-width: 100px) 100vw, 100px\" \/><\/td>\n<td title=\"Vyhn\u00e1lek Vojt\u011bch\">Vyhn\u00e1lek Vojt\u011bch<\/td>\n<td title=\"26.4.1989\">&nbsp;<\/td>\n<td title=\"Hasi\u010d\">Hasi\u010d<\/td>\n<td title=\"Znojmo, Vi\u0161\u0148ov\u00e9, Vi\u0161\u0148ov\u00e9 \u010d.p. 344\">&nbsp;<\/td>\n<\/tr>\n<tr id=\"18805\" class=\"ui-widget-content jqgrow ui-row-ltr\">\n<td title=\"13\">13<\/td>\n<td title=\"\"><img title=\"Prov\u00e1z\u00e1no s krajem\" src=\"http:\/\/www.hzscz.eu\/Content\/Images\/Icons\/Web_refresh.png\" alt=\"\" width=\"16\"><\/td>\n<td title=\"Ad\u00e1mek Luk\u00e1\u0161\">Ad\u00e1mek Luk\u00e1\u0161<\/td>\n<td title=\"19.3.1982\">&nbsp;<\/td>\n<td title=\"Hasi\u010d\">Hasi\u010d<\/td>\n<td title=\"Znojmo, Vi\u0161\u0148ov\u00e9, Vi\u0161\u0148ov\u00e9 \u010d.p. 337\">&nbsp;<\/td>\n<\/tr>\n<tr id=\"25135\" class=\"ui-widget-content jqgrow ui-row-ltr\">\n<td title=\"14\">14<\/td>\n<td title=\"\"><img loading=\"lazy\" class=\"aligncenter wp-image-1131\" src=\"https:\/\/hasici.visnove.cz\/wp-content\/uploads\/2015\/08\/P7300132-150x150.jpg\" alt=\"P7300132\" width=\"100\" height=\"100\"><\/td>\n<td title=\"Moravec Luk\u00e1\u0161\">Moravec Luk\u00e1\u0161<\/td>\n<td title=\"14.12.1994\">&nbsp;<\/td>\n<td title=\"Hasi\u010d\">Hasi\u010d<\/td>\n<td title=\"Znojmo, Vi\u0161\u0148ov\u00e9, Vi\u0161\u0148ov\u00e9 \u010d.p. 268\">&nbsp;<\/td>\n<\/tr>\n<tr id=\"25136\" class=\"ui-widget-content jqgrow ui-row-ltr\">\n<td title=\"15\">15<\/td>\n<td title=\"\"><img title=\"Prov\u00e1z\u00e1no s krajem\" src=\"http:\/\/www.hzscz.eu\/Content\/Images\/Icons\/Web_refresh.png\" alt=\"\" width=\"16\"><\/td>\n<td title=\"Ad\u00e1mek ml. Josef\">Ad\u00e1mek ml. Josef<\/td>\n<td title=\"27.6.1996\">&nbsp;<\/td>\n<td title=\"Hasi\u010d\">Hasi\u010d<\/td>\n<td title=\"Znojmo, Vi\u0161\u0148ov\u00e9, Vi\u0161\u0148ov\u00e9 \u010d.p. 365\">&nbsp;<\/td>\n<\/tr>\n<\/tbody>\n<\/table>\n","protected":false},"excerpt":{"rendered":"<p>&nbsp; &nbsp; &nbsp; &nbsp; &nbsp; &nbsp; 1 Br\u00e1zda Radek &nbsp; Velitel jednotky &nbsp; 2 Havelka Pavel &nbsp; Velitel dru\u017estva &nbsp;<\/p>\n","protected":false},"author":1,"featured_media":0,"parent":0,"menu_order":0,"comment_status":"closed","ping_status":"closed","template":"","meta":[],"_links":{"self":[{"href":"https:\/\/hasici.visnove.cz\/index.php?rest_route=\/wp\/v2\/pages\/1083"}],"collection":[{"href":"https:\/\/hasici.visnove.cz\/index.php?rest_route=\/wp\/v2\/pages"}],"about":[{"href":"https:\/\/hasici.visnove.cz\/index.php?rest_route=\/wp\/v2\/types\/page"}],"author":[{"embeddable":true,"href":"https:\/\/hasici.visnove.cz\/index.php?rest_route=\/wp\/v2\/users\/1"}],"replies":[{"embeddable":true,"href":"https:\/\/hasici.visnove.cz\/index.php?rest_route=%2Fwp%2Fv2%2Fcomments&post=1083"}],"version-history":[{"count":18,"href":"https:\/\/hasici.visnove.cz\/index.php?rest_route=\/wp\/v2\/pages\/1083\/revisions"}],"predecessor-version":[{"id":3012,"href":"https:\/\/hasici.visnove.cz\/index.php?rest_route=\/wp\/v2\/pages\/1083\/revisions\/3012"}],"wp:attachment":[{"href":"https:\/\/hasici.visnove.cz\/index.php?rest_route=%2Fwp%2Fv2%2Fmedia&parent=1083"}],"curies":[{"name":"wp","href":"https:\/\/api.w.org\/{rel}","templated":true}]}}