{"id":1085,"date":"2015-08-03T20:47:06","date_gmt":"2015-08-03T18:47:06","guid":{"rendered":"https:\/\/hasici.visnove.cz\/?page_id=1085"},"modified":"2015-08-07T16:45:15","modified_gmt":"2015-08-07T14:45:15","slug":"technika","status":"publish","type":"page","link":"https:\/\/hasici.visnove.cz\/?page_id=1085","title":{"rendered":"Hasi\u010dsk\u00e1 technika"},"content":{"rendered":"<table>\n<tbody>\n<tr>\n<td valign=\"top\" width=\"30%\">\n<div id=\"gbox_TPOSeznam_Table\" class=\"ui-jqgrid ui-widget ui-widget-content ui-corner-all\" dir=\"ltr\">\n<div id=\"gview_TPOSeznam_Table\" class=\"ui-jqgrid-view\">\n<div class=\"ui-jqgrid-bdiv\">\n<table id=\"TPOSeznam_Table\" class=\"ui-jqgrid-btable\" border=\"0\" cellspacing=\"0\" cellpadding=\"0\">\n<tbody>\n<tr class=\"jqgfirstrow\">\n<td><\/td>\n<td><\/td>\n<td><\/td>\n<td>\u00a0n\u00e1zev<\/td>\n<td>\u00a0volac\u00ed znak<\/td>\n<\/tr>\n<tr id=\"13801\" class=\"ui-widget-content jqgrow ui-row-ltr\" tabindex=\"-1\">\n<td title=\"\"><\/td>\n<td title=\"\"><\/td>\n<td title=\"T\"><\/td>\n<td title=\"CAS25\/2500\/400-S2Z P\u010cH (RZ: 5B1 8816)\">CAS25\/2500\/400-S2Z P\u010cH (RZ: 5B1 8816)<\/td>\n<td title=\"PZN 781\">PZN 781<\/td>\n<\/tr>\n<tr id=\"29769\" class=\"ui-widget-content jqgrow ui-row-ltr ui-state-highlight\" tabindex=\"0\">\n<td title=\"\"><\/td>\n<td title=\"\"><\/td>\n<td title=\"T\"><\/td>\n<td title=\"DA-FORD TRANSIT (RZ: 1BB 0940)\">DA-FORD TRANSIT (RZ: 1BB 0940)<\/td>\n<td title=\"PZN 788\">PZN 788<\/td>\n<\/tr>\n<tr id=\"13803\" class=\"ui-widget-content jqgrow ui-row-ltr\">\n<td title=\"\"><\/td>\n<td title=\"\"><\/td>\n<td title=\"T\"><\/td>\n<td title=\"EC-HERON 5 kW \">EC-HERON 5 kW<\/td>\n<td title=\"\"><\/td>\n<\/tr>\n<tr id=\"28619\" class=\"ui-widget-content jqgrow ui-row-ltr\">\n<td title=\"\"><\/td>\n<td title=\"\"><\/td>\n<td title=\"T\"><\/td>\n<td title=\"K\u010cE-HCP PUMP \">K\u010cE-HCP PUMP<\/td>\n<td title=\"\"><\/td>\n<\/tr>\n<tr id=\"28620\" class=\"ui-widget-content jqgrow ui-row-ltr\">\n<td title=\"\"><\/td>\n<td title=\"\"><\/td>\n<td title=\"T\"><\/td>\n<td title=\"MPK-MAKITA \">MPK-MAKITA<\/td>\n<td title=\"\"><\/td>\n<\/tr>\n<tr id=\"13799\" class=\"ui-widget-content jqgrow ui-row-ltr\">\n<td title=\"\"><\/td>\n<td title=\"\"><\/td>\n<td title=\"T\"><\/td>\n<td title=\"MP\u0158-HUSQARNA \">MP\u0158-HUSQARNA<\/td>\n<td title=\"\"><\/td>\n<\/tr>\n<tr id=\"13804\" class=\"ui-widget-content jqgrow ui-row-ltr\">\n<td title=\"\"><\/td>\n<td title=\"\"><\/td>\n<td title=\"T\"><\/td>\n<td title=\"PMS-12 p\u0159\u00edv\u011bs \">PMS-12 p\u0159\u00edv\u011bs<\/td>\n<td title=\"\"><\/td>\n<\/tr>\n<tr id=\"23715\" class=\"ui-widget-content jqgrow ui-row-ltr\">\n<td title=\"\"><\/td>\n<td title=\"\"><\/td>\n<td title=\"T\"><\/td>\n<td title=\"P\u0158\u00cdV\u011aSN\u00dd \u017eeb\u0159\u00edk \">P\u0158\u00cdV\u011aSN\u00dd \u017eeb\u0159\u00edk<\/td>\n<td title=\"\"><\/td>\n<\/tr>\n<tr id=\"28621\" class=\"ui-widget-content jqgrow ui-row-ltr\">\n<td title=\"\"><\/td>\n<td title=\"\"><\/td>\n<td title=\"T\"><\/td>\n<td title=\"PV-PAPIN 500 \">PV-PAPIN 500<\/td>\n<td title=\"\"><\/td>\n<\/tr>\n<tr id=\"13798\" class=\"ui-widget-content jqgrow ui-row-ltr\">\n<td title=\"\"><\/td>\n<td title=\"\"><\/td>\n<td title=\"T\"><\/td>\n<td title=\"VH-STIHL \">VH-STIHL<\/td>\n<td title=\"\"><\/td>\n<\/tr>\n<\/tbody>\n<\/table>\n<\/div>\n<\/div>\n<\/div>\n<\/td>\n<\/tr>\n<\/tbody>\n<\/table>\n","protected":false},"excerpt":{"rendered":"<p>\u00a0n\u00e1zev \u00a0volac\u00ed znak CAS25\/2500\/400-S2Z P\u010cH (RZ: 5B1 8816) PZN 781 DA-FORD TRANSIT (RZ: 1BB 0940) PZN 788 EC-HERON 5 kW<\/p>\n","protected":false},"author":1,"featured_media":0,"parent":0,"menu_order":0,"comment_status":"closed","ping_status":"closed","template":"","meta":[],"_links":{"self":[{"href":"https:\/\/hasici.visnove.cz\/index.php?rest_route=\/wp\/v2\/pages\/1085"}],"collection":[{"href":"https:\/\/hasici.visnove.cz\/index.php?rest_route=\/wp\/v2\/pages"}],"about":[{"href":"https:\/\/hasici.visnove.cz\/index.php?rest_route=\/wp\/v2\/types\/page"}],"author":[{"embeddable":true,"href":"https:\/\/hasici.visnove.cz\/index.php?rest_route=\/wp\/v2\/users\/1"}],"replies":[{"embeddable":true,"href":"https:\/\/hasici.visnove.cz\/index.php?rest_route=%2Fwp%2Fv2%2Fcomments&post=1085"}],"version-history":[{"count":5,"href":"https:\/\/hasici.visnove.cz\/index.php?rest_route=\/wp\/v2\/pages\/1085\/revisions"}],"predecessor-version":[{"id":1153,"href":"https:\/\/hasici.visnove.cz\/index.php?rest_route=\/wp\/v2\/pages\/1085\/revisions\/1153"}],"wp:attachment":[{"href":"https:\/\/hasici.visnove.cz\/index.php?rest_route=%2Fwp%2Fv2%2Fmedia&parent=1085"}],"curies":[{"name":"wp","href":"https:\/\/api.w.org\/{rel}","templated":true}]}}