{"id":1096,"date":"2015-08-03T21:05:26","date_gmt":"2015-08-03T19:05:26","guid":{"rendered":"https:\/\/hasici.visnove.cz\/?page_id=1096"},"modified":"2017-04-28T09:25:04","modified_gmt":"2017-04-28T07:25:04","slug":"vybor","status":"publish","type":"page","link":"https:\/\/hasici.visnove.cz\/?page_id=1096","title":{"rendered":"V\u00fdbor"},"content":{"rendered":"<p>Starosta sboru: Franti\u0161ek \u0160n\u00e1bl<\/p>\n<p>M\u00edstostarosta sboru: Karel Ad\u00e1mek<\/p>\n<p>Jednatel sboru: Jakub Indra<\/p>\n<p>Pokladn\u00edk: Franti\u0161ek Illek<\/p>\n<p>Velitel: Radek Br\u00e1zda<\/p>\n<p>\u010clen V\u00fdboru: Ad\u00e1mkov\u00e1 Jitka, Pavel Havelka<\/p>\n","protected":false},"excerpt":{"rendered":"<p>Starosta sboru: Franti\u0161ek \u0160n\u00e1bl M\u00edstostarosta sboru: Karel Ad\u00e1mek Jednatel sboru: Jakub Indra Pokladn\u00edk: Franti\u0161ek Illek Velitel: Radek Br\u00e1zda \u010clen V\u00fdboru:<\/p>\n","protected":false},"author":1,"featured_media":0,"parent":0,"menu_order":0,"comment_status":"closed","ping_status":"closed","template":"","meta":[],"_links":{"self":[{"href":"https:\/\/hasici.visnove.cz\/index.php?rest_route=\/wp\/v2\/pages\/1096"}],"collection":[{"href":"https:\/\/hasici.visnove.cz\/index.php?rest_route=\/wp\/v2\/pages"}],"about":[{"href":"https:\/\/hasici.visnove.cz\/index.php?rest_route=\/wp\/v2\/types\/page"}],"author":[{"embeddable":true,"href":"https:\/\/hasici.visnove.cz\/index.php?rest_route=\/wp\/v2\/users\/1"}],"replies":[{"embeddable":true,"href":"https:\/\/hasici.visnove.cz\/index.php?rest_route=%2Fwp%2Fv2%2Fcomments&post=1096"}],"version-history":[{"count":3,"href":"https:\/\/hasici.visnove.cz\/index.php?rest_route=\/wp\/v2\/pages\/1096\/revisions"}],"predecessor-version":[{"id":3035,"href":"https:\/\/hasici.visnove.cz\/index.php?rest_route=\/wp\/v2\/pages\/1096\/revisions\/3035"}],"wp:attachment":[{"href":"https:\/\/hasici.visnove.cz\/index.php?rest_route=%2Fwp%2Fv2%2Fmedia&parent=1096"}],"curies":[{"name":"wp","href":"https:\/\/api.w.org\/{rel}","templated":true}]}}