{"id":1156,"date":"2015-08-08T09:00:56","date_gmt":"2015-08-08T07:00:56","guid":{"rendered":"https:\/\/hasici.visnove.cz\/?page_id=1156"},"modified":"2015-08-08T09:00:56","modified_gmt":"2015-08-08T07:00:56","slug":"jpo-info-deleni-casy-vyjezdu","status":"publish","type":"page","link":"https:\/\/hasici.visnove.cz\/?page_id=1156","title":{"rendered":"JPO &#8211; Info, d\u011blen\u00ed, \u010dasy v\u00fdjezd\u016f"},"content":{"rendered":"<p><strong>JSDHO &#8211; d\u011blen\u00ed na JPO<\/strong><\/p>\n<p>Jednotka\u00a0sboru dobrovoln\u00fdch hasi\u010d\u016f\u00a0obce nebo z\u00e1vodu je\u00a0jednotka po\u017e\u00e1rn\u00ed ochrany, kter\u00e1 se z\u0159izuje na z\u00e1klad\u011b \u00a729 a \u00a7 68\u00a0z\u00e1kona 133\/1985 Sb., o po\u017e\u00e1rn\u00ed ochran\u011b, ve zn\u011bn\u00ed pozd\u011bj\u0161\u00edch p\u0159edpis\u016f.<\/p>\n<p>Organiza\u010dn\u00ed struktura jednotky je stanovena ve vyhl\u00e1\u0161ce 247\/2001 Sb., o organizaci a \u010dinnosti jednotek PO ve zn\u011bn\u00ed vyhl\u00e1\u0161ky 226\/2005 Sb.<\/p>\n<p>Ka\u017ed\u00fd hasi\u010d v t\u00e9to jednotce je pro\u0161kolen nejm\u00e9n\u011b 40 hodinami teoretick\u00fdch i praktick\u00fdch znalost\u00ed ro\u010dn\u011b a d\u00e1le je mus\u00ed dopl\u0148ovat. Mus\u00ed m\u00edt potvrzen\u00ed od l\u00e9ka\u0159e, \u017ee je schopn\u00fd a zdravotn\u011b zp\u016fsobil\u00fd v jednotce p\u016fsobit a ka\u017ed\u00e9 2 roky toto potvrzen\u00ed obnovovat. Zvl\u00e1\u0161\u0165 velk\u00e9 n\u00e1roky jsou kladeny na nositele d\u00fdchac\u00ed techniky a \u0159idi\u010de.<\/p>\n<p><b><em>\u00a0<\/em><\/b><\/p>\n<p><strong>JPO\u00a0<\/strong><b><em>s \u00fazemn\u00ed\u00a0 p\u016fsobnost\u00ed<\/em><\/b><\/p>\n<p><strong>JPO I<\/strong><strong> &#8211;<\/strong> Jednotky HZS s\u00a0\u00fazemn\u00ed p\u016fsobnosti, zasahuj\u00edc\u00ed i mimo \u00fazem\u00ed sv\u00e9ho z\u0159izovatele. Jednotka\u00a0 hasi\u010dsk\u00e9ho z\u00e1chrann\u00e9ho sboru s \u00fazemn\u00ed p\u016fsobnost\u00ed zpravidla do 20 minut j\u00edzdy z m\u00edsta dislokace. V\u00fdjezd do 2 minut.<\/p>\n<p><strong>JPO II<\/strong> &#8211; \u00a0JSDHO s\u00a0\u00fazemn\u00ed p\u016fsobnosti, zasahuj\u00edc\u00ed i mimo \u00fazem\u00ed sv\u00e9ho z\u0159izovatele se \u010dleny, kte\u0159\u00ed\u00a0 vykon\u00e1vaj\u00ed slu\u017ebu jako svoje hlavn\u00ed nebo vedlej\u0161\u00ed\u00a0 povol\u00e1n\u00ed, s\u00a0 \u00fazemn\u00ed p\u016fsobnost\u00ed dle poplachov\u00e9ho pl\u00e1nu \u00a0z m\u00edsta dislokace. V\u00fdjezd do 5 minut.<\/p>\n<ul>\n<li>JPO II\/1 &#8211; jednotka SDH obce kategorie JPO II, kter\u00e1 zabezpe\u010duje v\u00fdjezd dru\u017estva o zmen\u0161en\u00e9m po\u010detn\u00edm stavu (1+3) a z\u0159izuje se zpravidla ve vybran\u00e9 obci s po\u010dtem obyvatel nad 1000.\u00a0( JSDHO PROTIVANOV )<\/li>\n<\/ul>\n<ul>\n<li>JPO II\/2 &#8211; jednotka SDH obce kategorie JPO II, kter\u00e1 zabezpe\u010duje v\u00fdjezd dvou dru\u017estev o zmen\u0161en\u00e9m po\u010detn\u00edm stavu (1+3) a z\u0159izuje se zpravidla ve vybran\u00e9 obci s po\u010dtem obyvatel nad 1000.<\/li>\n<\/ul>\n<p><strong>JPO III<\/strong> JSDHO s\u00a0\u00fazemn\u00ed p\u016fsobnosti, zasahuj\u00edc\u00ed i mimo \u00fazem\u00ed sv\u00e9ho z\u0159izovatele se \u010dleny, kte\u0159\u00ed vykon\u00e1vaj\u00ed slu\u017ebu v jednotce po\u017e\u00e1rn\u00ed ochrany dobrovoln\u011b, zpravidla do 10 minut j\u00edzdy z m\u00edsta dislokace. \u00a0V\u00fdjezd do 10 minut.<\/p>\n<ul>\n<li>JPO III\/1 \u2013 zabezpe\u010duje v\u00fdjezd dru\u017estva o zmen\u0161en\u00e9m po\u010detn\u00edm stavu a z\u0159izuje se zpravidla ve vybran\u00e9 obci s\u00a0po\u010dtem obyvatel nad 1 000.<\/li>\n<\/ul>\n<ul>\n<li>JPO III\/2 \u2013 zabezpe\u010duje v\u00fdjezd dvou dru\u017estev o zmen\u0161en\u00e9m po\u010detn\u00edm stavu a z\u0159izuje se zpravidla ve vybran\u00e9 obci s\u00a0po\u010dtem obyvatel nad 1\u00a0000.<\/li>\n<\/ul>\n<h6><strong>JPO\u00a0<\/strong><em>s\u00a0m\u00edstn\u00ed p\u016fsobnosti<\/em><\/h6>\n<p><strong>JPO IV<\/strong> &#8211; Jednotky HZSp s\u00a0m\u00edstn\u00ed p\u016fsobnosti , zasahuj\u00edc\u00ed na \u00fazem\u00ed sv\u00e9ho z\u0159izovatele. Jednotka je slo\u017eena ze zam\u011bstnanc\u016f pr\u00e1vnick\u00e9 osoby\u00a0 nebo podnikaj\u00edc\u00ed fyzick\u00e9 osoby, kte\u0159\u00ed vykon\u00e1vaj\u00ed\u00a0 \u010dinnost v t\u00e9to jednotce jako sv\u00e9\u00a0 zam\u011bstn\u00e1n\u00ed. Mimo toto \u00fazem\u00ed zasahuje ve t\u0159et\u00edm a \u00a0zvl\u00e1\u0161tn\u00edm stupni poplachu.<\/p>\n<p><strong>JPO V<\/strong> &#8211; JSDHO s\u00a0m\u00edstn\u00ed p\u016fsobnosti, zasahuj\u00edc\u00ed na \u00fazem\u00ed sv\u00e9ho z\u0159izovatele s \u010dleny,kte\u0159\u00ed vykon\u00e1vaj\u00ed slu\u017ebu\u00a0 v jednotce po\u017e\u00e1rn\u00ed ochrany dobrovoln\u011b. Jednotky zasahuj\u00ed na \u00fazem\u00ed sv\u00e9ho z\u0159izovatele. Mimo toto \u00fazem\u00ed zasahuje ve t\u0159et\u00edm a zvl\u00e1\u0161tn\u00edm stupni poplachu.<\/p>\n<p>&nbsp;<\/p>\n<p><strong>JPO VI<\/strong><em>&#8211; <\/em>\u00a0JSDHp s\u00a0m\u00edstn\u00ed p\u016fsobnosti, zasahuj\u00edc\u00ed na \u00fazem\u00ed sv\u00e9ho z\u0159izovatele. Je slo\u017eena ze zam\u011bstnanc\u016f pr\u00e1vnick\u00e9 osoby nebo podnikaj\u00edc\u00ed fyzick\u00e9 osoby, kte\u0159\u00ed nevykon\u00e1vaj\u00ed \u010dinnost v t\u00e9to jednotce po\u017e\u00e1rn\u00ed ochrany jako sv\u00e9 zam\u011bstn\u00e1n\u00ed.<\/p>\n<p>&nbsp;<\/p>\n<p>Jednotka sboru dobrovoln\u00fdch hasi\u010d\u016f obce, kter\u00e1 nen\u00ed za\u0159azena do plo\u0161n\u00e9ho pokryt\u00ed, m\u00e1 z\u00e1kladn\u00ed po\u010detn\u00ed stav \u010dlen\u016f jako jednotka JPO V.<\/p>\n<p>&nbsp;<\/p>\n<p>Podle \u00a7 68 z\u00e1kona \u010d. 133\/1985 Sb., o po\u017e\u00e1rn\u00ed ochran\u011b, ve zn\u011bn\u00ed z\u00e1kona \u010d. 237\/2000 Sb.\u00a0obec\u00a0z\u0159izuje a spravuje jednotku sboru dobrovoln\u00fdch hasi\u010d\u016f obce. Z pr\u00e1vn\u00edho hlediska tedy jednotka, kterou podle tohoto z\u00e1kona z\u0159\u00edd\u00ed obec, nen\u00ed toto\u017en\u00e1 s ob\u010dansk\u00fdmi sdru\u017een\u00edmi, jimi\u017e v\u011bt\u0161inou jsou sbory dobrovoln\u00fdch hasi\u010d\u016f, ale prakticky b\u00fdv\u00e1 nej\u010dast\u011bji obc\u00ed jmenov\u00e1na po dohod\u011b s t\u011bmito dobrovolnick\u00fdmi spolky a z jejich \u010dlen\u016f \u2013 obec v\u0161ak mus\u00ed z\u0159\u00eddit jednotku i v p\u0159\u00edpad\u011b, kdy v obci \u017e\u00e1dn\u00e9 dobrovoln\u00e9 sdru\u017een\u00ed nen\u00ed. Velitele t\u00e9to jednotky, po vyj\u00e1d\u0159en\u00ed hasi\u010dsk\u00e9ho z\u00e1chrann\u00e9ho sboru kraje k jeho zp\u016fsobilosti vykon\u00e1vat funkci velitele, jmenuje a odvol\u00e1v\u00e1 starosta obce. P\u0159ihl\u00ed\u017e\u00ed p\u0159itom k n\u00e1vrhu ob\u010dansk\u00e9ho sdru\u017een\u00ed p\u016fsob\u00edc\u00edho na \u00faseku po\u017e\u00e1rn\u00ed ochrany.<\/p>\n","protected":false},"excerpt":{"rendered":"<p>JSDHO &#8211; d\u011blen\u00ed na JPO Jednotka\u00a0sboru dobrovoln\u00fdch hasi\u010d\u016f\u00a0obce nebo z\u00e1vodu je\u00a0jednotka po\u017e\u00e1rn\u00ed ochrany, kter\u00e1 se z\u0159izuje na z\u00e1klad\u011b \u00a729 a<\/p>\n","protected":false},"author":1,"featured_media":0,"parent":0,"menu_order":0,"comment_status":"closed","ping_status":"closed","template":"","meta":[],"_links":{"self":[{"href":"https:\/\/hasici.visnove.cz\/index.php?rest_route=\/wp\/v2\/pages\/1156"}],"collection":[{"href":"https:\/\/hasici.visnove.cz\/index.php?rest_route=\/wp\/v2\/pages"}],"about":[{"href":"https:\/\/hasici.visnove.cz\/index.php?rest_route=\/wp\/v2\/types\/page"}],"author":[{"embeddable":true,"href":"https:\/\/hasici.visnove.cz\/index.php?rest_route=\/wp\/v2\/users\/1"}],"replies":[{"embeddable":true,"href":"https:\/\/hasici.visnove.cz\/index.php?rest_route=%2Fwp%2Fv2%2Fcomments&post=1156"}],"version-history":[{"count":1,"href":"https:\/\/hasici.visnove.cz\/index.php?rest_route=\/wp\/v2\/pages\/1156\/revisions"}],"predecessor-version":[{"id":1157,"href":"https:\/\/hasici.visnove.cz\/index.php?rest_route=\/wp\/v2\/pages\/1156\/revisions\/1157"}],"wp:attachment":[{"href":"https:\/\/hasici.visnove.cz\/index.php?rest_route=%2Fwp%2Fv2%2Fmedia&parent=1156"}],"curies":[{"name":"wp","href":"https:\/\/api.w.org\/{rel}","templated":true}]}}