{"id":1159,"date":"2015-08-08T09:09:43","date_gmt":"2015-08-08T07:09:43","guid":{"rendered":"https:\/\/hasici.visnove.cz\/?page_id=1159"},"modified":"2015-08-08T09:11:00","modified_gmt":"2015-08-08T07:11:00","slug":"1159-2","status":"publish","type":"page","link":"https:\/\/hasici.visnove.cz\/?page_id=1159","title":{"rendered":"Rozd\u00edl mezi JSDH a SDH"},"content":{"rendered":"<p>Drtiv\u00e1 v\u011bt\u0161ina obyvatel o \u017e\u00e1dn\u00e9m d\u011blen\u00ed hasi\u010d\u016f na JSDHO a SDH v\u016fbec nev\u00ed, nebo nepost\u0159ehnou dostate\u010dn\u00fd rozd\u00edl.\u00a0\u00a0Ne jinak tomu je u n\u011bkter\u00fdch hasi\u010d\u016f samotn\u00fdch, ti sice o tomto &#8220;d\u011blen\u00ed&#8221; v\u00ed,\u00a0\u00a0ale ne v\u017edy p\u0159esn\u011b ch\u00e1pou v \u010dem p\u0159esn\u011b tento rozd\u00edl v\u011bz\u00ed.<\/p>\n<p>JSDHO Vi\u0161\u0148ov\u00e9 &#8211; JPO III\/1 \u00a0Jednotka sboru dobrovoln\u00fdch hasi\u010d\u016f obce\u00a0 &#8211; je z\u0159izov\u00e1na obc\u00ed\u00a0(viz \u00a7 29 a 68 z\u00e1kona \u010d. 133\/1985 Sb. ze dne 17. prosince 1985 o po\u017e\u00e1rn\u00ed ochran\u011b ve zn\u011bn\u00ed pozd\u011bj\u0161\u00edch p\u0159edpis\u016f).vlastn\u00edmi laick\u00fdmi slovy &#8211;\u00a0Jednotka po\u017e\u00e1rn\u00ed ochrany jej\u00ed\u017e \u010dlenov\u00e9 se \u00fa\u010dastn\u00ed z\u00e1sah\u016f, podrobuj\u00ed\u00a0se ka\u017edoro\u010dn\u011b speci\u00e1ln\u00edm \u0161kolen\u00ed, a jsou podrobeni l\u00e9ka\u0159sk\u00fdm prohl\u00eddk\u00e1m.<\/p>\n<p>SDH Vi\u0161\u0148ov\u00e9<\/p>\n<p>Sbor dobrovoln\u00fdch hasi\u010d\u016f\u00a0 &#8211; je ob\u010dansk\u00e9 sdru\u017een\u00ed (spolek) pracuj\u00edc\u00ed na \u00faseku po\u017e\u00e1rn\u00ed ochrany<br \/>\n(viz. \u00a7 75 z\u00e1kona \u010d. 133\/1985 Sb.)<\/p>\n<p>vlastn\u00edmi laick\u00fdmi slovy &#8211;\u00a0Sdru\u017een\u00ed \u00a0po\u0159\u00e1daj\u00edc\u00ed kulturn\u00ed a spole\u010densk\u00e9 akce,\u00a0hasi\u010dsk\u00e9 z\u00e1vody a mnoh\u00e9 dal\u0161\u00ed &#8230;<\/p>\n<p>&nbsp;<\/p>\n","protected":false},"excerpt":{"rendered":"<p>Drtiv\u00e1 v\u011bt\u0161ina obyvatel o \u017e\u00e1dn\u00e9m d\u011blen\u00ed hasi\u010d\u016f na JSDHO a SDH v\u016fbec nev\u00ed, nebo nepost\u0159ehnou dostate\u010dn\u00fd rozd\u00edl.\u00a0\u00a0Ne jinak tomu je<\/p>\n","protected":false},"author":1,"featured_media":0,"parent":0,"menu_order":0,"comment_status":"closed","ping_status":"closed","template":"","meta":[],"_links":{"self":[{"href":"https:\/\/hasici.visnove.cz\/index.php?rest_route=\/wp\/v2\/pages\/1159"}],"collection":[{"href":"https:\/\/hasici.visnove.cz\/index.php?rest_route=\/wp\/v2\/pages"}],"about":[{"href":"https:\/\/hasici.visnove.cz\/index.php?rest_route=\/wp\/v2\/types\/page"}],"author":[{"embeddable":true,"href":"https:\/\/hasici.visnove.cz\/index.php?rest_route=\/wp\/v2\/users\/1"}],"replies":[{"embeddable":true,"href":"https:\/\/hasici.visnove.cz\/index.php?rest_route=%2Fwp%2Fv2%2Fcomments&post=1159"}],"version-history":[{"count":4,"href":"https:\/\/hasici.visnove.cz\/index.php?rest_route=\/wp\/v2\/pages\/1159\/revisions"}],"predecessor-version":[{"id":1162,"href":"https:\/\/hasici.visnove.cz\/index.php?rest_route=\/wp\/v2\/pages\/1159\/revisions\/1162"}],"wp:attachment":[{"href":"https:\/\/hasici.visnove.cz\/index.php?rest_route=%2Fwp%2Fv2%2Fmedia&parent=1159"}],"curies":[{"name":"wp","href":"https:\/\/api.w.org\/{rel}","templated":true}]}}