{"id":1165,"date":"2015-08-09T07:38:27","date_gmt":"2015-08-09T05:38:27","guid":{"rendered":"https:\/\/hasici.visnove.cz\/?page_id=1165"},"modified":"2017-04-28T09:19:33","modified_gmt":"2017-04-28T07:19:33","slug":"prevence","status":"publish","type":"page","link":"https:\/\/hasici.visnove.cz\/?page_id=1165","title":{"rendered":"Prevence"},"content":{"rendered":"<table id=\"table11\" border=\"0\" width=\"100%\" cellpadding=\"0\">\n<tbody>\n<tr>\n<td align=\"center\" width=\"49%\"><span style=\"color: #000000; font-family: Arial;\">112 &#8211; Jednotn\u00e1 evropsk\u00e1 linka t\u00eds\u0148ov\u00e9ho vol\u00e1n\u00ed<\/span><\/td>\n<td align=\"center\" width=\"51%\"><span style=\"color: #000000; font-family: Arial;\">155 &#8211; Zdravotnick\u00e1 z\u00e1chrann\u00e1 slu\u017eba<\/span><\/td>\n<\/tr>\n<tr>\n<td align=\"center\" width=\"49%\"><span style=\"color: #000000; font-family: Arial;\">150 &#8211; Hasi\u010di<\/span><\/td>\n<td align=\"center\" width=\"51%\"><span style=\"color: #000000; font-family: Arial;\">158 &#8211; Policie \u010cR<\/span><\/td>\n<\/tr>\n<\/tbody>\n<\/table>\n<h4>&nbsp;<span style=\"font-family: Arial;\">Jak se zachovat p\u0159i po\u017e\u00e1ru &nbsp;&nbsp;<\/span><\/h4>\n<p align=\"left\"><span style=\"font-family: Arial;\">&#8211; sna\u017ete se zachovat klid a jednejte s rozvahou<\/span><\/p>\n<p align=\"left\"><span style=\"font-family: Arial;\">&#8211; pokuste se jej uhasit &#8211; vyu\u017eijte has\u00edc\u00ed p\u0159\u00edstroje, hydrant na chodb\u00e1ch, kusy l\u00e1tek&#8230;<\/span><\/p>\n<p align=\"left\"><span style=\"font-family: Arial;\">&#8211; nepoda\u0159\u00ed-li se po\u017e\u00e1r uhasit vlastn\u00edmi silami, varujte ostatn\u00ed nap\u0159. vol\u00e1n\u00edm (&#8220;ho\u0159\u00ed&#8221;) vyhledejte \u00fanikovou cestu<\/span><\/p>\n<p align=\"left\"><span style=\"font-family: Arial;\">&#8211; sna\u017ete se pomoci t\u011bm, kte\u0159\u00ed si pomoci nemohou (sta\u0159\u00ed lid\u00e9, d\u011bti, imobiln\u00ed osoby, sluchov\u011b nebo zrakov\u00e9 posti\u017een\u00ed)<\/span><\/p>\n<p align=\"left\"><span style=\"font-family: Arial;\">&#8211; volejte t\u00eds\u0148ovou linku 150 nebo 112 &#8211; v obou p\u0159\u00edpadech se dovol\u00e1te k hasi\u010d\u016fm<\/span><\/p>\n<p align=\"left\"><span style=\"font-family: Arial;\">&#8211; p\u0159i p\u0159ed\u00e1v\u00e1n\u00ed t\u00eds\u0148ov\u00e9 informace se sna\u017ete b\u00fdt trp\u011bliv\u00fd, dbejte pokyn\u016f oper\u00e1tora. Informace, na kter\u00e9 se pt\u00e1, v\u00e1m mohou p\u0159ipadat ned\u016fle\u017eit\u00e9 (ovliv\u0148uj\u00ed v\u0161ak volbu techniky, po\u010dtu jednotek atd.)<\/span><\/p>\n<p align=\"left\"><span style=\"font-family: Arial;\">&#8211; oper\u00e1tor v\u00e1m m\u016f\u017ee podat z\u00e1kladn\u00ed informace &#8220;co d\u011blat&#8221;<\/span><\/p>\n<p align=\"left\"><span style=\"font-family: Arial;\">&#8211; nevracejte se do ho\u0159\u00edc\u00edho nebo zakou\u0159en\u00e9ho prostoru (m\u016f\u017eete ztratit orientaci, ztratit v\u011bdom\u00ed v d\u016fsledku nad\u00fdch\u00e1n\u00ed plyn\u016f)<\/span><\/p>\n<p align=\"left\"><span style=\"font-family: Arial;\">&#8211; vy\u010dkejte p\u0159\u00edjezdu hasi\u010d\u016f na viditeln\u00e9m m\u00edst\u011b, velitel z\u00e1sahu se v\u00e1s bude pt\u00e1t na dopl\u0148uj\u00edc\u00ed informace<\/span><\/p>\n<p align=\"left\"><span style=\"color: #ff0000; font-family: Arial;\"><strong>M\u00e1te-li v d\u016fsledku po\u017e\u00e1ru znemo\u017en\u011bn \u00fanik<\/strong><\/span><\/p>\n<p align=\"left\"><span style=\"font-family: Arial;\">&#8211; zachovejte klid<\/span><\/p>\n<p align=\"left\"><span style=\"font-family: Arial;\">&#8211; uzav\u0159ete v\u0161echny dve\u0159e. Sna\u017ete se sp\u00e1ry ut\u011bsnit namo\u010den\u00fdmi kusy l\u00e1tky (ru\u010dn\u00edky, z\u00e1v\u011bsy, &#8230;)<\/span><\/p>\n<p align=\"left\"><span style=\"font-family: Arial;\">&#8211; sna\u017ete se dostat k oknu. M\u00e1vejte, aby v\u00e1s hasi\u010di vid\u011bli.<\/span><\/p>\n<p align=\"left\"><span style=\"font-family: Arial;\">&#8211; otev\u0159en\u00ed okna zva\u017ete, m\u016f\u017ee zp\u016fsobit pr\u016fvan a rychlej\u0161\u00ed pronik\u00e1n\u00ed zplodin do va\u0161eho prostoru<\/span><\/p>\n<p align=\"left\"><span style=\"font-family: Arial;\">&#8211; odstra\u0148te ho\u0159lav\u00e9 p\u0159edm\u011bty z m\u00edsta \u00fakrytu, aby se po nich nemohl po\u017e\u00e1r \u0161\u00ed\u0159it<\/span><\/p>\n<p align=\"left\"><span style=\"font-family: Arial;\">&#8211; v p\u0159\u00edpad\u011b siln\u00e9ho zakou\u0159en\u00ed si lehn\u011bte na zem<\/span><\/p>\n<p align=\"left\"><span style=\"font-family: Arial;\">&#8211; \u00fasta kryjte kusy l\u00e1tky jako improviza\u010dn\u00ed filtr<\/span><\/p>\n<p align=\"left\"><span style=\"font-family: Arial;\">&#8211; sna\u017ete se d\u00fdchat klidn\u011b a zhluboka<\/span><\/p>\n<p align=\"left\"><span style=\"color: #ff0000; font-family: Arial;\"><br \/>\n&#8211;&nbsp;&nbsp; V\u017edy zavolejte hasi\u010de na t\u00eds\u0148ovou linku 150 nebo 112, \u010di na pohotovostn\u00ed mobiln\u00ed linku a to i v p\u0159\u00edpad\u011b, \u017ee jste ji\u017e po\u017e\u00e1r uhasili sami!&nbsp;&nbsp; Jak zabezpe\u010dit m\u00edsto vzniku po\u017e\u00e1ru p\u0159ed p\u0159\u00edpadn\u00fdm znovu vzn\u00edcen\u00edm v\u00e1m porad\u00ed! Nepodce\u0148ujte s\u00edlu a z\u00e1ke\u0159nost ohn\u011b !!!<\/span><\/p>\n<p align=\"left\"><span style=\"font-family: Arial;\"><span style=\"color: #ff0000;\">&#8211;<\/span><span style=\"color: #ff0000;\">&nbsp;&nbsp; V p\u0159\u00edpad\u011b, \u017ee m\u00e1te mo\u017enost zabr\u00e1nit roz\u0161\u00ed\u0159en\u00ed po\u017e\u00e1ru sami, mus\u00edte v\u011bd\u011bt jak\u00e9 prost\u0159edky m\u016f\u017eete pou\u017e\u00edt !!! Dbejte na to, \u017ee jsou d\u016fle\u017eit\u00e9 \u017eivoty a zdrav\u00ed osob !!! Ne majetek, ten se d\u00e1 nahradit !!! Pozor na elekt\u0159inu, plyn, ho\u0159lav\u00e9 a v\u00fdbu\u0161n\u00e9 l\u00e1tky !!!<\/span><\/span><\/p>\n<p align=\"left\"><span style=\"color: #ff0000; font-family: Arial;\">&#8211;&nbsp;&nbsp; Nev\u00e1hejte zavolat ihned, i z mal\u00e9ho ohn\u00ed\u010dku m\u016f\u017ee b\u00fdt obrovsk\u00e9 ne\u0161t\u011bst\u00ed a utrpen\u00ed, myslete i na ostatn\u00ed !!! A pro n\u00e1s hasi\u010de je lep\u0161\u00ed se na m\u00edst\u011b po p\u00e1r minut\u00e1ch oto\u010dit a odjet dom\u016f, s dobr\u00fdm pocitem, \u017ee tentokr\u00e1t to dob\u0159e dopadlo. Je \u0161patn\u00e9 riskovat pozd\u011bji \u017eivoty hasi\u010d\u016f pro n\u011b\u010d\u00ed fale\u0161nou hrdost, \u010di hloupost. M\u00e1me tak\u00e9 rodiny a jme pouze lid\u00e9, ne supermani.<\/span><\/p>\n<p align=\"left\"><span style=\"color: #ff0000; font-family: Arial;\">&#8211;&nbsp;&nbsp; V p\u0159\u00edpad\u011b, \u017ee v\u00e1s hasi\u010di po\u017e\u00e1daj\u00ed o pomoc, \u010di v\u00e1m n\u011bco p\u0159ik\u00e1\u017eou, tak to okam\u017eit\u011b spl\u0148te. P\u0159\u00edpadn\u00e9 \u0161kody v\u00e1m st\u00e1t \u010di poji\u0161\u0165ovny nahrad\u00ed.&nbsp; Odm\u00edtnut\u00ed pomoci znamen\u00e1 vystaven\u00ed se trestn\u00edmu st\u00edh\u00e1n\u00ed. Dle z\u00e1kona m\u00e1te tak\u00e9 povinnosti p\u0159i mimo\u0159\u00e1dn\u00fdch ud\u00e1lostech!!!<\/span><\/p>\n","protected":false},"excerpt":{"rendered":"<p>112 &#8211; Jednotn\u00e1 evropsk\u00e1 linka t\u00eds\u0148ov\u00e9ho vol\u00e1n\u00ed 155 &#8211; Zdravotnick\u00e1 z\u00e1chrann\u00e1 slu\u017eba 150 &#8211; Hasi\u010di 158 &#8211; Policie \u010cR &nbsp;Jak<\/p>\n","protected":false},"author":1,"featured_media":0,"parent":0,"menu_order":0,"comment_status":"closed","ping_status":"closed","template":"","meta":[],"_links":{"self":[{"href":"https:\/\/hasici.visnove.cz\/index.php?rest_route=\/wp\/v2\/pages\/1165"}],"collection":[{"href":"https:\/\/hasici.visnove.cz\/index.php?rest_route=\/wp\/v2\/pages"}],"about":[{"href":"https:\/\/hasici.visnove.cz\/index.php?rest_route=\/wp\/v2\/types\/page"}],"author":[{"embeddable":true,"href":"https:\/\/hasici.visnove.cz\/index.php?rest_route=\/wp\/v2\/users\/1"}],"replies":[{"embeddable":true,"href":"https:\/\/hasici.visnove.cz\/index.php?rest_route=%2Fwp%2Fv2%2Fcomments&post=1165"}],"version-history":[{"count":7,"href":"https:\/\/hasici.visnove.cz\/index.php?rest_route=\/wp\/v2\/pages\/1165\/revisions"}],"predecessor-version":[{"id":3030,"href":"https:\/\/hasici.visnove.cz\/index.php?rest_route=\/wp\/v2\/pages\/1165\/revisions\/3030"}],"wp:attachment":[{"href":"https:\/\/hasici.visnove.cz\/index.php?rest_route=%2Fwp%2Fv2%2Fmedia&parent=1165"}],"curies":[{"name":"wp","href":"https:\/\/api.w.org\/{rel}","templated":true}]}}