{"id":18,"date":"2009-08-19T08:15:08","date_gmt":"2009-08-19T06:15:08","guid":{"rendered":"http:\/\/www.visnove.com\/hasici\/?page_id=18"},"modified":"2017-04-28T08:46:05","modified_gmt":"2017-04-28T06:46:05","slug":"trocha-historie","status":"publish","type":"page","link":"https:\/\/hasici.visnove.cz\/?page_id=18","title":{"rendered":"Trocha historie"},"content":{"rendered":"<p>Z historie hasi\u010dstva<\/p>\n<p>Historie v\u00fdvoje lidsk\u00e9 spole\u010dnosti dokazuje, \u017ee \u010dlov\u011bk poznal ji\u017e v d\u00e1vnov\u011bku dva mocn\u00e9 \u017eivly: vodu a ohe\u0148. \u017divly, kter\u00e9 mu slou\u017eily k usnadn\u011bn\u00ed \u017eivota. ale \u010dasto ho i ohro\u017eovaly. Zku\u0161enost pou\u010dila lidi, \u017ee \u00fa\u010dinn\u00e9 \u010delit \u017eivl\u016fm a p\u0159\u00edrodn\u00edm katastrof\u00e1m, bojovat za z\u00e1chranu hodnot vytvo\u0159en\u00fdch lidskou prac\u00ed i p\u0159\u00edrodou, je mo\u017eno jen kolektivn\u011b organizovanou ochranou. Proto vznikaj\u00ed prvn\u00ed dobrovoln\u00e9 organizace t\u011bch, kte\u0159\u00ed velmi ob\u011btav\u011b bojuj\u00ed s ohn\u011bm \u010di povodn\u011bmi. K ochrann\u00fdm opat\u0159en\u00edm proti ohni vydala Marie Terezie 21. srpna 1751 ,,\u0158\u00e1d k ha\u0161en\u00ed ohn\u011b pro m\u011bsta zemsk\u00e1, m\u011bste\u010dka a d\u011bdiny Markrabstv\u00ed moravsk\u00e9ho&#8221;, podle n\u011bho\u017e byl ka\u017ed\u00fd ob\u010dan vol\u00e1n k odpov\u011bdnosti p\u0159i jeho nedodr\u017eov\u00e1n\u00ed. V 60. letech 18. stolet\u00ed se k n\u00e1m \u0161\u00ed\u0159\u00ed zv\u011bsti o zakl\u00e1d\u00e1n\u00ed hasi\u010dsk\u00fdch spolk\u016f v cizin\u011b, ale teprve roku 1864 vznikl 1. \u010desk\u00fd sbor dobrovoln\u00fdch hasi\u010d\u016f ve Velvarech. V roce 1896 ji\u017e bylo ve 35 \u017eup\u00e1ch zaregistrov\u00e1no 822 sbor\u016f. Z toho na Morav\u011b 763 s 21 tis\u00edci \u010dlen\u016f. V t\u00e9\u017ee dob\u011b se za\u010d\u00ednaj\u00ed ps\u00e1t d\u011bjiny Sboru dobrovoln\u00fdch hasi\u010d\u016f ve Vi\u0161\u0148ov\u00e9m, kter\u00fd byl podle skromn\u00fdch p\u00edsemn\u00fdch doklad\u016f zalo\u017een v roce 1897.<\/p>\n<p>100 let sboru dobrovoln\u00fdch hasi\u010d\u016f ve Vi\u0161\u0148ov\u00e9m<\/p>\n<p>Vznik sboru dobrovoln\u00fdch hasi\u010d\u016f ve Vi\u0161\u0148ov\u00e9m je datov\u00e1n dnem 25. dubna 1897. Na jeho \u010dinnosti se v t\u00e9 dob\u011b pod\u00edlelo 32 \u010dlen\u016f v t\u011bchto funkc\u00edch:<\/p>\n<p>Starosta Jan Robi\u010dek, N\u00e1\u010deln\u00edk Josef Ad\u00e1mek, Podn\u00e1\u010deln\u00edk Ign\u00e1c Ad\u00e1mek, Podn\u00e1\u010deln\u00edk Franti\u0161ek Indra, \u010ceta\u0159 Josef Ad\u00e1mek, \u010ceta\u0159 Filip Nehybka, \u010ceta\u0159 Franti\u0161ek Jel\u00ednek, \u010ceta\u0159 Franti\u0161ek Ad\u00e1mek, Jednatel Martin La\u0161tovi\u010dka, Zbroj\u00ed\u0159 Jan Vespalec, Truba\u010d Ludv\u00edk Jedli\u010dka, Truba\u010d \u010cen\u011bk Kudrna, Truba\u010d V\u00e1clav Krch\u0148av\u00fd, Lezec Jan Hor\u00e1k, Lezec V\u00e1clav Ad\u00e1mek, St\u0159\u00edka\u010dn\u00edk Mat\u011bj Jedli\u010dka, St\u0159\u00edka\u010dn\u00edk \u0160imon Jel\u00ednek, \u010clen V\u00e1clav B\u0159ezina, \u010clen Franti\u0161ek B\u0159ezina, \u010clen Leo Kudrna, \u010clen V\u00e1clav B\u0159ezina, \u010clen Franti\u0161ek B\u0159ezina, \u010clen Leo Kudrna, \u010clen Josef Ad\u00e1mek, \u010clen Franti\u0161ek Stix, \u010clen Lambert Semotan, \u010clen Jakub Jedli\u010dka, \u010clen Josef Stix, \u010clen Ludv\u00edk Pelech, \u010clen Josef Rychl\u00edk, \u010clen Anton\u00edn Hol\u00e1nek,\u010clen Leopold Indra,\u010clen V\u00e1clav B\u0159ezina, \u010clen V\u00e1clav Kl\u00fcgl<\/p>\n<p>Jako z\u00e1kladn\u00ed vybaven\u00ed byla zakoupena ru\u010dn\u00ed st\u0159\u00edka\u010dka, hadice, \u017eeb\u0159\u00edky, sekyry, h\u00e1ky, lezeck\u00e9 p\u00e1sy a trubky. Ka\u017ed\u00fd aktivn\u00ed \u010dlen potom obdr\u017eel p\u0159ilbu, oblek, a \u010damaru. V letech 1897-1922 zasahovali vi\u0161\u0148ov\u0161t\u00ed hasi\u010di i p\u0159es skromn\u00e9 vybaven\u00ed \u00fasp\u011b\u0161n\u011b u 14 po\u017e\u00e1r\u016f nejen ve Vi\u0161\u0148ov\u00e9m, K\u0159epic\u00edch, Horn\u00edch Dunajovic\u00edch, ale tak\u00e9 v Trst\u011bnic\u00edch, Skalici, Mora\u0161ic\u00edch a Medlic\u00edch. Nebyla to v\u0161ak pouze \u010dinnost hasi\u010dsk\u00e1, kterou \u017eil sbor. V kronice se m\u016f\u017eeme do\u010d\u00edst o po\u0159\u00e1d\u00e1n\u00ed mnoh\u00fdch kulturn\u00edch a sportovn\u00edch akc\u00ed. ve\u0161ker\u00e9 vyd\u011blan\u00e9 pen\u00edze slou\u017eily k zakoupen\u00ed dal\u0161\u00edho vybaven\u00ed. Na tomto m\u00edst\u011b nesm\u00edme zapomenout na mnoho p\u0159isp\u00edvaj\u00edc\u00edch \u010dlen\u016f sboru, kte\u0159\u00ed a\u010d se aktivn\u011b ne\u00fa\u010dastnili \u010dinnosti, jejich finan\u010dn\u00ed pomoc byla zna\u010dn\u00e1.<\/p>\n<p>Od roku 1922 jsou z\u00e1pisy v kronice obs\u00e1hlej\u0161\u00ed. M\u016f\u017eeme se zde do\u010d\u00edst o skute\u010dn\u011b pestr\u00e9 \u010dinnosti sboru. Hasi\u010di nejsou pouze organizac\u00ed k pot\u00edran\u00ed ohn\u011b, ale p\u0159isp\u00edvaj\u00ed tak\u00e9 ke kulturn\u00edmu \u017eivotu obce. Jen nam\u00e1tkou zde uv\u00e1d\u00edme ka\u017edoro\u010dn\u00ed po\u0159\u00e1d\u00e1n\u00ed do\u017e\u00ednkov\u00fdch slavnost\u00ed, kate\u0159insk\u00fdch z\u00e1bav, ples\u016f a mnoha r\u016fzn\u00fdch v\u00fdlet\u016f.<\/p>\n<p>Do 2. sv\u011btov\u00e9 v\u00e1lky nacvi\u010dily \u010dlenov\u00e9 sboru t\u0159i divadeln\u00ed p\u0159edstaven\u00ed, kter\u00e1 se setkala s velk\u00fdm \u00fasp\u011bchem. V kronice je d\u00e1le zm\u00ednka o pomoci sboru bratr\u016fm hasi\u010d\u016fm, kte\u0159\u00ed se ocitli pro p\u0159est\u00e1rlost v chudob\u011b.<\/p>\n<p>Hlavn\u00ed \u010dinnost\u00ed v\u0161ak i nad\u00e1le z\u016fst\u00e1vaj\u00ed preventivn\u00ed cvi\u010den\u00ed, \u00fadr\u017eba techniky a v\u00fdstroje, organizov\u00e1n\u00ed po\u017e\u00e1rn\u00edch \u017e\u0148ov\u00fdch hl\u00eddek, ale tak\u00e9 \u00fa\u010dast na \u017eupn\u00edch sjezdech a p\u0159ehl\u00eddk\u00e1ch a v neposledn\u00ed \u0159ad\u011b to nejd\u016fle\u017eit\u011bj\u0161\u00ed, tedy v\u00fdjezdy a \u00fasp\u011b\u0161n\u00e9 z\u00e1sahy u po\u017e\u00e1r\u016f. Za zm\u00ednku ur\u010dit\u011b stoj\u00ed, jak\u00e1 byla tehdy p\u0159ipravenost SDH.<\/p>\n<p>,,3. \u010dervna 1923 &#8211; cvi\u010den\u00ed se st\u0159\u00edka\u010dkou v 1 hodinu 30 minut. Za \u010dtvrt hodiny po vyhl\u00e1\u0161en\u00ed poplachu se dostavili v\u0161ichni \u010dlenov\u00e9.&#8221; Tolik kronika.<\/p>\n<p>V roce 1935 nast\u00e1v\u00e1 velk\u00e1 rozmach hasi\u010dsk\u00e9 \u010dinnosti. Ohl\u00e9dnut\u00ed do minulosti vol\u00e1 po je\u0161t\u011b \u00fa\u010dinn\u011bj\u0161\u00ed ochran\u011b p\u0159ed \u017eivlen\u00fdmi pohromami jak\u00fdmi jsou voda a Ohe\u0148. A tak si v\u0161ichni uv\u011bdomuj\u00ed, \u017ee v\u010das vynalo\u017een\u00e9 pen\u00edze ochr\u00e1n\u00ed p\u0159ed ztr\u00e1tami je\u0161t\u011b v\u011bt\u0161\u00edch hodnot.<\/p>\n<p>Za tohoto v\u011bdom\u00ed bylo postaveno v letech 1935-1936 nov\u00e9 hasi\u010dsk\u00e9 skladi\u0161t\u011b. V roce 1938 byly zakoupeny ze zemsk\u00e9 podpory a vlastn\u00edch finan\u010dn\u00edch prost\u0159edk\u016f hadice uniformy a dal\u0161\u00ed technick\u00e9 vybaven\u00ed. A kone\u010dn\u011b v roce 1939 byla p\u0159evzata a slavnostn\u011b vysv\u011bdcena nov\u00e1 st\u0159\u00edka\u010dka, na kterou polovinou obnosu p\u0159isp\u011bla obec.<\/p>\n<p>Bohu\u017eel tato l\u00e9ta rozvoje byla p\u0159eru\u0161ena 2. sv\u011btovou v\u00e1lkou, kter\u00e1 znamenala \u00fatlum \u010dinnosti sboru. 14. \u0159\u00edjna 1939 vstoupily v platnost nov\u00e9 stanovy sboru a 28. \u00fanora 1940 bylo zak\u00e1z\u00e1no no\u0161en\u00ed stejnokroj\u016f a musely b\u00fdt odevzd\u00e1ny odznaky, prapory a jin\u00e9 upom\u00ednky na \u010ceskoslovenskou republiku. Hasi\u010dsk\u00e1 sborovna je zap\u016fj\u010dena ml\u00e9k\u00e1rensk\u00e9mu dru\u017estvu. Od 17. listopadu 1941 p\u0159eb\u00edr\u00e1 po\u017e\u00e1rn\u00ed slu\u017ebu Civiln\u00ed protileteck\u00e1 ochrana.<\/p>\n<p>Aktivn\u00ed \u010dinnost sboru byla op\u011bt obnovena po v\u00e1lce. V roce 1947 prob\u011bhly ve Vi\u0161\u0148ov\u00e9m oslavy 50. v\u00fdro\u010d\u00ed zalo\u017een\u00ed Sboru dobrovoln\u00fdch hasi\u010d\u016f za hojn\u00e9 \u00fa\u010dasti ve\u0159ejnosti. Byla slou\u017eena poln\u00ed m\u0161e svat\u00e1, uskute\u010dni se koncert pod z\u00e1meck\u00fdmi ka\u0161tany. Odpoledne potom bylo uspo\u0159\u00e1d\u00e1no po\u017e\u00e1rn\u00ed cvi\u010den\u00ed a cel\u00e9 oslavy vyvrcholily veslic\u00ed. Finan\u010dn\u00ed v\u00fdt\u011b\u017eek byl v\u011bnov\u00e1n na po\u0159\u00edzen\u00ed hasi\u010dsk\u00e9 v\u00fdzbroje.<\/p>\n<p>V roce 1948 slo\u017eili v\u0161ichni \u010dlenov\u00e9 hasi\u010dsk\u00e9ho sboru slavnostn\u00ed slib.<\/p>\n<p>\u010cinnost sboru pokra\u010dovala ve stejn\u00e9m duchu jako p\u0159ed v\u00e1lkou. Divadeln\u00ed krou\u017eek nastudoval n\u011bkolik divadeln\u00edch her, kter\u00e9 slavily mimo\u0159\u00e1dn\u00fd \u00fasp\u011bch.<\/p>\n<p>V 50. letech se sbor za\u010dal pot\u00fdkat s neduhem spole\u010dn\u00fdm pro mnoho dobrovoln\u00fdch organizac\u00ed, a to s poklesem \u010dinnosti a malou \u00fa\u010dast\u00ed \u010dlen\u016f na v\u0161ech po\u0159\u00e1dan\u00fdch akc\u00edch. Nicm\u00e9n\u011b tento jev nem\u011bl vliv na zabezpe\u010den\u00ed akceschopnosti sboru.<\/p>\n<p>V roce 1953 za\u010dali hasi\u010di p\u016fsobit preventivn\u011b formou protipo\u017e\u00e1rn\u00edch prohl\u00eddek v obci, aby se tak pouk\u00e1zalo na neut\u011b\u0161en\u00fd stav hasi\u010dsk\u00e9 zbrojnice a v\u00fdstroje.<\/p>\n<p>P\u0159esto\u017ee bylo p\u0159isl\u00edbeno zah\u00e1jen\u00ed stavby zbrojnice nov\u00e9, tato byla otev\u0159ena po velk\u00fdch nesn\u00e1z\u00edch, se kter\u00fdmi se stavba pot\u00fdkala, a\u017e v roce 1958. Hasi\u010dsk\u00fd sbor z\u00e1rove\u0148 obdr\u017eel nov\u00fd po\u017e\u00e1rn\u00ed v\u016fz v celkov\u00e9 hodnot\u011b 163 100 K\u010d.<\/p>\n<p>Za\u010d\u00e1tkem 70. let se situace ve sboru zlep\u0161ila. Ka\u017edoro\u010dn\u011b byly po\u0159\u00e1d\u00e1ny pou\u0165ov\u00e9 z\u00e1bavy, hasi\u010di organizovali tradi\u010dn\u00ed posv\u00edcen\u00ed a mnoho dal\u0161\u00edch akc\u00ed.<\/p>\n<p>V roce 1982 obdr\u017eel hasi\u010dsk\u00fd sbor nov\u00fd v\u016fz CAS 25, kter\u00fd slou\u017e\u00ed jako po\u017e\u00e1rn\u00ed vozidlo dodnes. Pravideln\u00e1 je \u00fa\u010dast vi\u0161\u0148ovsk\u00fdch hasi\u010d\u016f na okrskov\u00fdch sout\u011b\u017e\u00edch v po\u017e\u00e1rn\u00edm sportu a n\u00e1m\u011btov\u00fdch sout\u011b\u017e\u00edch. Z\u00e1sahov\u00e1 jednotka SDH Vi\u0161\u0148ov\u00e9 je za\u017eazena do II. skupiny, kde jsou v\u00fdjezdy prov\u00e1d\u011bny podle p\u0159\u00edsn\u00fdch norem do 5 minut od vyhl\u00e1\u0161en\u00ed poplachu. Toto za\u0159azen\u00ed je v\u00fdsledkem mnoha hodin v\u011bnovan\u00fdch \u00fadr\u017eb\u011b techniky, v\u00fdstroje i hasi\u010dsk\u00e9 zbrojnice. Dal\u0161\u00ed velk\u00e1 rekonstrukce prob\u011bhla v letech 1995-96, kdy byly obnoveny n\u00e1t\u011bry.<\/p>\n<p>O po\u017e\u00e1rech v letech 1897-1997<\/p>\n<p>Za svou 100letou historii zasahovali hasi\u010di sboru ve Vi\u0161\u0148ov\u00e9m \u00fasp\u011b\u0161n\u011b bezm\u00e1la u 50 po\u017e\u00e1r\u016f. Do 2. sv\u011btov\u00e9 v\u00e1lky to byly p\u0159edev\u0161\u00edm po\u017e\u00e1ry obydl\u00ed, o kter\u00fdch se m\u016f\u017eeme do\u010d\u00edst v kronice SDH. K v\u00fdrazn\u00e9mu sn\u00ed\u017een\u00ed vzniku po\u017e\u00e1r\u016f tohoto druhu p\u0159isp\u011bla preventivn\u00ed opat\u0159en\u00ed, kter\u00e1 se ve v\u011bt\u0161\u00ed m\u00ed\u0159e za\u010dala uplat\u0148ovat v 50. letech. Od t\u00e9to doby hasi\u010di ka\u017edoro\u010dn\u011b prov\u00e1d\u00ed preventivn\u00ed prohl\u00eddky budov.<\/p>\n<p>Z kroniky jsem vybrali n\u011bkolik z\u00e1znam\u016f o po\u017e\u00e1rech a jejich likvidaci.<\/p>\n<p>29. 11. 1927 zasahovali vi\u0161\u0148ov\u0161t\u00ed hasi\u010di spole\u010dn\u011b se sbory z K\u0159epic, Medlic, Horn\u00edch Dunajovic, Skalice a Trst\u011bnic u po\u017e\u00e1ru sl\u00e1my ve velkostatku. Rychl\u00fdm a \u00fa\u010dinn\u00fdm z\u00e1sahem bylo zabr\u00e1n\u011bno roz\u0161\u00ed\u0159en\u00ed po\u017e\u00e1ru na ostatn\u00ed budovy.<\/p>\n<p>8. 5. 1945 p\u0159esto\u017ee \u010dinnost sboru bylo omezen\u00e1, jeho \u010dlenov\u00e9 se z\u00fa\u010dastnili z\u00e1sahu u po\u017e\u00e1r\u016f obytn\u00fdch dom\u016f v Nov\u00e9 ulici, kter\u00e9 se vzn\u00edtily po bombardov\u00e1n\u00ed. Po\u017e\u00e1r byl za p\u0159isp\u011bn\u00ed spoluob\u010dan\u016f a motorov\u00e9 st\u0159\u00edka\u010dky \u00fasp\u011b\u0161n\u011b zdol\u00e1n.<\/p>\n<p>V roce 1954 ho\u0159elo ve Vi\u0161\u0148ov\u00e9m hned dvakr\u00e1t. Jednou u pana Ko\u0161\u00ed\u010dka 22.-23. 8., kde hasi\u010di zasahovali v noci a revizn\u00ed org\u00e1n ocenil kvalitu z\u00e1kroku. 5. 11. to bylo u pana Ad\u00e1mka. Ha\u0161en\u00ed se z\u016f\u010dastnilo 17 \u010dlen\u016f sboru, kte\u0159\u00ed pracovali od 9 do 21 hodin na vykl\u00edzen\u00ed po\u017e\u00e1\u0159i\u0161t\u011b, aby nedo\u0161lo k op\u011btovn\u00e9mu vzn\u00edcen\u00ed.<\/p>\n<p>29. 5. 1985 byl s nov\u00fdm vozem CAS 25 proveden v\u00fdjezd k po\u017e\u00e1ru rodinn\u00e9ho domku v Medlic\u00edch. P\u0159\u00ed\u010dinou po\u017e\u00e1ru bylo vypalov\u00e1n\u00ed vos na p\u016fd\u011b. K velk\u00e9 \u0161kod\u011b nedo\u0161lo d\u00edky v\u010dasn\u00e9mu ohl\u00e1\u0161en\u00ed po\u017e\u00e1ru a jeho rychl\u00e9mu uha\u0161en\u00ed.<\/p>\n<p>V roce 1994 byla akceschopnost z\u00e1sahov\u00e9 jednotky SDH Vi\u0161\u0148ov\u00e9 prov\u011b\u0159ena opravdu d\u016fkladn\u011b. B\u011bhem dvou m\u011bs\u00edc\u016f se hasi\u010di \u00fa\u010dastnili z\u00e1sah\u016f u \u0161esti po\u017e\u00e1r\u016f.<\/p>\n<p>18. 7. to byl v\u00fdjezd do Kadova, kde v dob\u011b \u017en\u00ed a velk\u00e9ho sucha byla p\u00e1lena proti po\u017e\u00e1rn\u00edm p\u0159edpis\u016fm plo\u0161n\u011b sl\u00e1ma.<\/p>\n<p>25. 7. vznikl pod parkem po\u017e\u00e1r obil\u00ed a sl\u00e1my, kter\u00fd se v d\u016fsledku pozdn\u00edho ohl\u00e1\u0161en\u00ed velice roz\u0161\u00ed\u0159il. Spole\u010dn\u011b s osatan\u00edmi jednotkami se ho poda\u0159ilo v relativn\u011b kr\u00e1tk\u00e9m \u010dase zdolat.<\/p>\n<p>3. 8. do\u0161lo ke dv\u011bma po\u017e\u00e1r\u016fm, ke kter\u00fdm na\u0161i hasi\u010di v\u010das vyjeli. Ve 13. hodin to byl po\u017e\u00e1r zvnikl\u00fd od vypalov\u00e1n\u00ed tr\u00e1vy p\u0159ed Mraz\u00edrnami Vi\u0161\u0148ov\u00e9 a v odpoledn\u00edch hodin\u00e1ch pak ohe\u0148 od blesku v Ji\u0159ic\u00edch.<\/p>\n<p>Dal\u0161\u00ed den na\u0161e jednotka zasahovala u po\u017e\u00e1ru lesn\u00edho porostu ve Stupe\u0161ic\u00edch.<\/p>\n<p>Posledn\u00ed ze se\u0161tice po\u017e\u00e1r\u016f vznikl 20. 8. ve stohu sl\u00e1my v P\u0159eska\u010d\u00edch. I zde byli vi\u0161\u0148ov\u0161t\u00ed hasi\u010di, tak jako i u ostatn\u00edch z\u00e1sahov\u00fdch akc\u00ed.<\/p>\n<p>Rozborem p\u0159\u00ed\u010din jednotliv\u00fdch po\u017e\u00e1r\u016f se ukazuje, \u017ee hlavn\u00edm vin\u00edkem je bohu\u017eel lidsk\u00e1 nezodpov\u011bdnost a lhostejnost.N\u00e1m nezb\u00fdv\u00e1, ne\u017e si p\u0159\u00e1t, aby po\u017e\u00e1r\u016f bylo co nejm\u00e9n\u011b a na\u0161e \u010dinnost se mohla zachov\u00e1vaje tradici ub\u00edrat i jin\u00fdm sm\u011brem.<\/p>\n<p>Za sto let \u010dinnosti Sboru dobrovoln\u00fdch hasi\u010d\u016f ve Vi\u0161\u0148ov\u00e9m se v jeho \u0159ad\u00e1ch vyst\u0159\u00eddalo p\u0159es 150 \u010dlen\u016f. Ne o v\u0161ech je zde zm\u00ednka, ale v\u011b\u0159te, \u017ee jejich dobrovoln\u00e1 \u010dinnost napl\u0148uj\u00edc\u00ed my\u0161lenku ,,bli\u017en\u00edmu k ochran\u011b&#8221; p\u0159isp\u011bla k \u00fasp\u011bch\u016fm, kter\u00fd sbor dos\u00e1hl. T\u011bmto v\u0161em pat\u0159\u00ed na\u0161e pod\u011bkov\u00e1n\u00ed.<\/p>\n<p>Lze si jen p\u0159\u00e1t, aby tato u\u0161lechtil\u00e1 \u010dinnost na\u0161la pokra\u010dovatele v dal\u0161\u00edch generac\u00edch<\/p>\n<p>Od zalo\u017een\u00ed SDH pracovali na \u010deln\u00edch funkc\u00edch tito lid\u00e9:<\/p>\n<p>Starostov\u00e9 a p\u0159edsedov\u00e9:<\/p>\n<p>Jan Robi\u010dek 1897-1902, Jan G\u00e4rtner 1903-1913, Anton\u00edn Kol\u00e1\u0159 1914-1927, Jan Nehybka 1929-1939, V\u00e1clav Kl\u00fcgl 1940-1951, Jan Kl\u00fcgl 1952-1957, Josef Ma\u0161a 1958-1958, V\u00e1clav Krch\u0148av\u00fd 1959-1960, Rudolf B\u0159ezina 1961-1969, Josef Lahodn\u00fd 1970-1975, Josef Mairinger\/th&gt; 1976-1980, Vlastimil Anto\u0161 1981-1984, Josef Mairinger 1985-1989, Vlastimil Anto\u0161 1990-1992, Josef Sl\u00e1ma 1993-2005, Franti\u0161ek \u0160n\u00e1bl 2006-&#8230;.<\/p>\n<p>N\u00e1\u010deln\u00edci a velitel\u00e9:<\/p>\n<p>Josef Ad\u00e1mek 1897-1902, Ign\u00e1c Ad\u00e1mek 1903-1903, Franti\u0161ek Ad\u00e1mek 1904-1919, Josef Pelech 1920-1927, Jan Ad\u00e1mek 1928-1954, Franti\u0161ek M\u00e1tl 1955-1958, Josef Lahodn\u00fd 1959-1972, Jan \u010cada 1973-1981, Franti\u0161ek \u0160n\u00e1bl ml. 1982-2005, Radek Br\u00e1zda 2006-&#8230;.<\/p>\n<p>Jednatel\u00e9:<\/p>\n<p>Martin La\u0161tovi\u010dka 1897-1918, Fratni\u0161ek Ad\u00e1mek 1919-1933, Petr \u0160rot 1934-1964, Josef B\u0159ezina 1965-1973, Jan Mairinger 1974-1986, Zden\u011bk Nov\u00e1k 1987-1998, Mgr. Ji\u0159\u00ed Beran 1999-&#8230;.<\/p>\n<div>&nbsp;<\/div>\n","protected":false},"excerpt":{"rendered":"<p>Z historie hasi\u010dstva Historie v\u00fdvoje lidsk\u00e9 spole\u010dnosti dokazuje, \u017ee \u010dlov\u011bk poznal ji\u017e v d\u00e1vnov\u011bku dva mocn\u00e9 \u017eivly: vodu a ohe\u0148.<\/p>\n","protected":false},"author":1,"featured_media":0,"parent":0,"menu_order":0,"comment_status":"open","ping_status":"open","template":"","meta":[],"_links":{"self":[{"href":"https:\/\/hasici.visnove.cz\/index.php?rest_route=\/wp\/v2\/pages\/18"}],"collection":[{"href":"https:\/\/hasici.visnove.cz\/index.php?rest_route=\/wp\/v2\/pages"}],"about":[{"href":"https:\/\/hasici.visnove.cz\/index.php?rest_route=\/wp\/v2\/types\/page"}],"author":[{"embeddable":true,"href":"https:\/\/hasici.visnove.cz\/index.php?rest_route=\/wp\/v2\/users\/1"}],"replies":[{"embeddable":true,"href":"https:\/\/hasici.visnove.cz\/index.php?rest_route=%2Fwp%2Fv2%2Fcomments&post=18"}],"version-history":[{"count":4,"href":"https:\/\/hasici.visnove.cz\/index.php?rest_route=\/wp\/v2\/pages\/18\/revisions"}],"predecessor-version":[{"id":3009,"href":"https:\/\/hasici.visnove.cz\/index.php?rest_route=\/wp\/v2\/pages\/18\/revisions\/3009"}],"wp:attachment":[{"href":"https:\/\/hasici.visnove.cz\/index.php?rest_route=%2Fwp%2Fv2%2Fmedia&parent=18"}],"curies":[{"name":"wp","href":"https:\/\/api.w.org\/{rel}","templated":true}]}}