{"id":8,"date":"2009-08-19T08:11:20","date_gmt":"2009-08-19T06:11:20","guid":{"rendered":"http:\/\/www.visnove.com\/hasici\/?page_id=8"},"modified":"2020-02-21T08:50:57","modified_gmt":"2020-02-21T06:50:57","slug":"kontakt","status":"publish","type":"page","link":"https:\/\/hasici.visnove.cz\/?page_id=8","title":{"rendered":"Kontakt"},"content":{"rendered":"<p>SDH Vi\u0161\u0148ov\u00e9<\/p>\n<p>\u010d\u00edslo \u00fa\u010dtu:&nbsp;193696146\/0300<\/p>\n<p>I\u010c: 45657041<\/p>\n<p>sdh@visnove.com<\/p>\n<p>Velitel z\u00e1sahov\u00e9 jednotky &nbsp; &nbsp;Br\u00e1zda Radek tel. 725 111 154<\/p>\n<p>Velitel dru\u017estva, webmaster, m\u00edstostarosta m\u011bstyse: Pavel Havelka tel. 724 267 358, mail: pavel.havelka@visnove.cz<\/p>\n<p>Starosta SDH Vi\u0161\u0148ov\u00e9 &nbsp; Josef \u0160n\u00e1bl<\/p>\n<p>Hospod\u00e1\u0159: Luk\u00e1\u0161 Moravec<\/p>\n<p>Jednatel: Jakub Indra<\/p>\n<p>&nbsp;<\/p>\n","protected":false},"excerpt":{"rendered":"<p>SDH Vi\u0161\u0148ov\u00e9 \u010d\u00edslo \u00fa\u010dtu:&nbsp;193696146\/0300 I\u010c: 45657041 sdh@visnove.com Velitel z\u00e1sahov\u00e9 jednotky &nbsp; &nbsp;Br\u00e1zda Radek tel. 725 111 154 Velitel dru\u017estva, webmaster,<\/p>\n","protected":false},"author":1,"featured_media":0,"parent":0,"menu_order":0,"comment_status":"open","ping_status":"open","template":"","meta":[],"_links":{"self":[{"href":"https:\/\/hasici.visnove.cz\/index.php?rest_route=\/wp\/v2\/pages\/8"}],"collection":[{"href":"https:\/\/hasici.visnove.cz\/index.php?rest_route=\/wp\/v2\/pages"}],"about":[{"href":"https:\/\/hasici.visnove.cz\/index.php?rest_route=\/wp\/v2\/types\/page"}],"author":[{"embeddable":true,"href":"https:\/\/hasici.visnove.cz\/index.php?rest_route=\/wp\/v2\/users\/1"}],"replies":[{"embeddable":true,"href":"https:\/\/hasici.visnove.cz\/index.php?rest_route=%2Fwp%2Fv2%2Fcomments&post=8"}],"version-history":[{"count":13,"href":"https:\/\/hasici.visnove.cz\/index.php?rest_route=\/wp\/v2\/pages\/8\/revisions"}],"predecessor-version":[{"id":5032,"href":"https:\/\/hasici.visnove.cz\/index.php?rest_route=\/wp\/v2\/pages\/8\/revisions\/5032"}],"wp:attachment":[{"href":"https:\/\/hasici.visnove.cz\/index.php?rest_route=%2Fwp%2Fv2%2Fmedia&parent=8"}],"curies":[{"name":"wp","href":"https:\/\/api.w.org\/{rel}","templated":true}]}}